{"id":93,"date":"2022-01-30T06:39:38","date_gmt":"2022-01-30T13:39:38","guid":{"rendered":"https:\/\/gamanity.com\/mx\/?post_type=product&#038;p=93"},"modified":"2023-04-16T14:05:03","modified_gmt":"2023-04-16T20:05:03","slug":"93","status":"publish","type":"product","link":"https:\/\/gamanity.com\/mx\/index.php\/producto\/93\/","title":{"rendered":"Mascarilla facial de Lavanda"},"content":{"rendered":"<p><strong>Mascarilla facial de Lavanda<\/strong><\/p>\n<p>La combinaci\u00f3n celestial de caol\u00edn y lavanda ayuda a limpiar, vitalizar y nutrir tu piel, y ayuda a eliminar toxinas, mientras la hidrata suavemente. El aceite de jojoba mantiene la piel limpia y nutrida, y ayuda a eliminar toxinas. El aceite de lavanda es naturalmente antibacteriano y perfecto para prevenir, calmar y curar los dolorosos brotes de acn\u00e9. La lavanda ayuda con el sue\u00f1o y la relajaci\u00f3n, adem\u00e1s de ayudar a curar las imperfecciones de la piel y mantener su mejor aspecto.<\/p>\n<p><strong>Ingredientes<\/strong><\/p>\n<p>\u2022 Bentonita de arcilla blanca de caol\u00edn (mineral natural) \u2022 Lecitina de girasol \u2022 Glicerina \u2022 \u00d3xido de zinc (mineral natural) \u2022 Aceite de jojoba (simmondsia chinensis) \u2022 Aceite esencial de lavanda (lavandula angustifolia) \u2022 Aceite esencial de cal\u00e9ndula (calendula officinalis) \u2022 Tocoferol (vitamina E natural ) \u2022 Citral, limoneno y linalol (naturales en los aceites esenciales)<\/p>\n<p>&nbsp;<\/p>\n<p>Peso neto: 45 g<\/p>\n<p>Todos nuestros productos son Veganos<\/p>\n","protected":false},"excerpt":{"rendered":"<p>Mascarilla facial de Lavanda La combinaci\u00f3n celestial de caol\u00edn y lavanda ayuda a limpiar, vitalizar y nutrir tu piel, y ayuda a eliminar toxinas, mientras la hidrata suavemente. El aceite &#8230;<\/p>\n","protected":false},"featured_media":87,"comment_status":"open","ping_status":"closed","template":"","meta":{"_monsterinsights_skip_tracking":false,"_monsterinsights_sitenote_active":false,"_monsterinsights_sitenote_note":"","_monsterinsights_sitenote_category":0,"spay_email":""},"class_list":["post-93","product","type-product","status-publish","has-post-thumbnail","hentry","product_cat-sin-categorizar"],"_links":{"self":[{"href":"https:\/\/gamanity.com\/mx\/index.php\/wp-json\/wp\/v2\/product\/93","targetHints":{"allow":["GET"]}}],"collection":[{"href":"https:\/\/gamanity.com\/mx\/index.php\/wp-json\/wp\/v2\/product"}],"about":[{"href":"https:\/\/gamanity.com\/mx\/index.php\/wp-json\/wp\/v2\/types\/product"}],"replies":[{"embeddable":true,"href":"https:\/\/gamanity.com\/mx\/index.php\/wp-json\/wp\/v2\/comments?post=93"}],"wp:featuredmedia":[{"embeddable":true,"href":"https:\/\/gamanity.com\/mx\/index.php\/wp-json\/wp\/v2\/media\/87"}],"wp:attachment":[{"href":"https:\/\/gamanity.com\/mx\/index.php\/wp-json\/wp\/v2\/media?parent=93"}],"curies":[{"name":"wp","href":"https:\/\/api.w.org\/{rel}","templated":true}]}}