{"id":92,"date":"2022-01-30T06:31:13","date_gmt":"2022-01-30T13:31:13","guid":{"rendered":"https:\/\/gamanity.com\/mx\/?post_type=product&#038;p=92"},"modified":"2024-08-28T20:31:03","modified_gmt":"2024-08-29T02:31:03","slug":"92","status":"publish","type":"product","link":"https:\/\/gamanity.com\/mx\/index.php\/producto\/92\/","title":{"rendered":"Mascarilla facial de Jengibre"},"content":{"rendered":"","protected":false},"excerpt":{"rendered":"<p><strong>Mascarilla facial de Jengibre<\/strong><\/p>\n<p>El jengibre contiene antioxidantes que ayudan a proteger la piel, reduciendo la inflamaci\u00f3n. Es naturalmente antibacteriano y perfecto para curar y prevenir el acn\u00e9. Nuestra combinaci\u00f3n de caol\u00edn y \u00f3xido de zinc controla el exceso de grasa, suciedad y contaminaci\u00f3n en la piel. Cura los brotes de acn\u00e9 y previene la obstrucci\u00f3n de los poros. El aceite de jojoba mantiene la piel limpia, nutri\u00e9ndola y ayuda a eliminar toxinas, a la vez que la hidrata suavemente. Finalmente, el aceite de \u00e1rbol de t\u00e9 ayuda a calmar la irritaci\u00f3n y prevenir la picaz\u00f3n en la piel. Esta mascarilla tiene un olor c\u00e1lido y especiado que te dejar\u00e1 lleno de energ\u00eda.<\/p>\n<p><strong>Ingredientes<\/strong><\/p>\n<p>\u2022 Bentonita de arcilla blanca de caol\u00edn (mineral natural) \u2022 Lecitina de girasol \u2022 Glicerina \u2022 Polvo de jengibre (Zingiber officinale) \u2022 \u00d3xido de zinc (mineral natural) \u2022 Aceite de jojoba (Simmondsia chinensis) \u2022 Tocoferol (Vitamina E natural) \u2022 Aceite esencial de \u00e1rbol de t\u00e9 (Melaleuca alternifolia) )<\/p>\n<p>&nbsp;<\/p>\n<p>Peso neto: 45 g<\/p>\n<p>Todos nuestros productos son Veganos<\/p>\n","protected":false},"featured_media":86,"comment_status":"open","ping_status":"closed","template":"","meta":{"_monsterinsights_skip_tracking":false,"_monsterinsights_sitenote_active":false,"_monsterinsights_sitenote_note":"","_monsterinsights_sitenote_category":0,"spay_email":""},"class_list":["post-92","product","type-product","status-publish","has-post-thumbnail","hentry","product_cat-sin-categorizar"],"_links":{"self":[{"href":"https:\/\/gamanity.com\/mx\/index.php\/wp-json\/wp\/v2\/product\/92","targetHints":{"allow":["GET"]}}],"collection":[{"href":"https:\/\/gamanity.com\/mx\/index.php\/wp-json\/wp\/v2\/product"}],"about":[{"href":"https:\/\/gamanity.com\/mx\/index.php\/wp-json\/wp\/v2\/types\/product"}],"replies":[{"embeddable":true,"href":"https:\/\/gamanity.com\/mx\/index.php\/wp-json\/wp\/v2\/comments?post=92"}],"wp:featuredmedia":[{"embeddable":true,"href":"https:\/\/gamanity.com\/mx\/index.php\/wp-json\/wp\/v2\/media\/86"}],"wp:attachment":[{"href":"https:\/\/gamanity.com\/mx\/index.php\/wp-json\/wp\/v2\/media?parent=92"}],"curies":[{"name":"wp","href":"https:\/\/api.w.org\/{rel}","templated":true}]}}