{"id":90,"date":"2022-01-30T05:29:18","date_gmt":"2022-01-30T12:29:18","guid":{"rendered":"https:\/\/gamanity.com\/mx\/?post_type=product&#038;p=90"},"modified":"2023-04-16T14:06:40","modified_gmt":"2023-04-16T20:06:40","slug":"mascarilla-facial-de-curcuma","status":"publish","type":"product","link":"https:\/\/gamanity.com\/mx\/index.php\/producto\/mascarilla-facial-de-curcuma\/","title":{"rendered":"Mascarilla facial de C\u00farcuma"},"content":{"rendered":"<p><strong>Mascarilla facial de c\u00farcuma<\/strong><\/p>\n<p>Ingredientes naturales premium para proteger tu piel. Indicado para personas con piel seca, sensible y madura. La c\u00farcuma es un poderoso antiinflamatorio y un fuerte antioxidante que nutre y protege la piel. Una lujosa combinaci\u00f3n de caol\u00edn, que controla el exceso de grasa en nuestra piel y ayuda a curar los brotes de acn\u00e9; la curcumina, que est\u00e1 presente en la c\u00farcuma y act\u00faa como un potente antiinflamatorio y antioxidante; y el aceite de jojoba, que mantiene la piel limpia y nutrida y ayuda a eliminar toxinas, a la vez que la hidrata suavemente.<\/p>\n<p><strong>Ingredientes<\/strong><\/p>\n<p>\u2022 Bentonita de arcilla blanca de caol\u00edn (mineral natural) \u2022 Lecitina de girasol \u2022 Glicerina \u2022 Polvo de c\u00farcuma (Curcuma longa) \u2022 \u00d3xido de zinc (mineral natural) \u2022 Aceite de jojoba (simmondsia chinensis) \u2022 Tocoferol (vitamina E natural) \u2022 Aceite esencial de s\u00e1ndalo (Santalum album) \u2022 Citral, limoneno y linalool (que se encuentran de forma natural en los aceites esenciales)<\/p>\n<p>Peso neto: 45 g<\/p>\n<p>Todos nuestros productos son Veganos<\/p>\n","protected":false},"excerpt":{"rendered":"<p>Mascarilla facial de c\u00farcuma Ingredientes naturales premium para proteger tu piel. Indicado para personas con piel seca, sensible y madura. La c\u00farcuma es un poderoso antiinflamatorio y un fuerte antioxidante &#8230;<\/p>\n","protected":false},"featured_media":91,"comment_status":"open","ping_status":"closed","template":"","meta":{"_monsterinsights_skip_tracking":false,"_monsterinsights_sitenote_active":false,"_monsterinsights_sitenote_note":"","_monsterinsights_sitenote_category":0,"spay_email":""},"class_list":["post-90","product","type-product","status-publish","has-post-thumbnail","hentry","product_cat-sin-categorizar"],"_links":{"self":[{"href":"https:\/\/gamanity.com\/mx\/index.php\/wp-json\/wp\/v2\/product\/90","targetHints":{"allow":["GET"]}}],"collection":[{"href":"https:\/\/gamanity.com\/mx\/index.php\/wp-json\/wp\/v2\/product"}],"about":[{"href":"https:\/\/gamanity.com\/mx\/index.php\/wp-json\/wp\/v2\/types\/product"}],"replies":[{"embeddable":true,"href":"https:\/\/gamanity.com\/mx\/index.php\/wp-json\/wp\/v2\/comments?post=90"}],"wp:featuredmedia":[{"embeddable":true,"href":"https:\/\/gamanity.com\/mx\/index.php\/wp-json\/wp\/v2\/media\/91"}],"wp:attachment":[{"href":"https:\/\/gamanity.com\/mx\/index.php\/wp-json\/wp\/v2\/media?parent=90"}],"curies":[{"name":"wp","href":"https:\/\/api.w.org\/{rel}","templated":true}]}}