{"id":82,"date":"2022-01-30T05:19:52","date_gmt":"2022-01-30T12:19:52","guid":{"rendered":"https:\/\/gamanity.com\/mx\/?post_type=product&#038;p=82"},"modified":"2023-04-16T14:08:20","modified_gmt":"2023-04-16T20:08:20","slug":"mascarilla-de-cacao","status":"publish","type":"product","link":"https:\/\/gamanity.com\/mx\/index.php\/producto\/mascarilla-de-cacao\/","title":{"rendered":"Mascarilla facial de Cacao"},"content":{"rendered":"<p><strong>Mascarilla facial de cacao<\/strong><\/p>\n<p>La rica combinaci\u00f3n de cacao, caol\u00edn y aceite de jojoba es perfecta para mantener la piel suave y flexible. Tambi\u00e9n ayuda a mantener la piel limpia y nutrida ya eliminar toxinas, a la vez que la hidrata suavemente. Esta f\u00f3rmula natural controla el exceso de grasa en la piel, ayuda a curar los brotes de acn\u00e9 y protege y repara la piel.<\/p>\n<p>Los flavanoles del cacao y la teobromina ayudan a reducir la inflamaci\u00f3n y a mantener la piel sana. El cacao ayuda a suavizar, limpiar y desintoxicar la piel, adem\u00e1s de mejorar la elasticidad para ayudar a prevenir las l\u00edneas finas y las arrugas, y reducir la apariencia de las cicatrices. Huele delicioso!<\/p>\n<p><strong>Ingredientes<\/strong>:<\/p>\n<p>\u2022 Bentonita de arcilla blanca de caol\u00edn (mineral natural) \u2022 Lecitina de girasol \u2022 Glicerina \u2022 Cacao en polvo (Theobroma cacao) \u2022 \u00d3xido de zinc (mineral natural) \u2022 Aceite de jojoba (simmondsia chinensis) \u2022 Tocoferol (vitamina E natural)<\/p>\n<p>&nbsp;<\/p>\n<p>Peso neto: 45 g<\/p>\n<p>Todos nuestros productos son Veganos<\/p>\n","protected":false},"excerpt":{"rendered":"<p>Mascarilla facial de cacao La rica combinaci\u00f3n de cacao, caol\u00edn y aceite de jojoba es perfecta para mantener la piel suave y flexible. Tambi\u00e9n ayuda a mantener la piel limpia &#8230;<\/p>\n","protected":false},"featured_media":85,"comment_status":"open","ping_status":"closed","template":"","meta":{"_monsterinsights_skip_tracking":false,"_monsterinsights_sitenote_active":false,"_monsterinsights_sitenote_note":"","_monsterinsights_sitenote_category":0,"spay_email":""},"class_list":["post-82","product","type-product","status-publish","has-post-thumbnail","hentry","product_cat-sin-categorizar"],"_links":{"self":[{"href":"https:\/\/gamanity.com\/mx\/index.php\/wp-json\/wp\/v2\/product\/82","targetHints":{"allow":["GET"]}}],"collection":[{"href":"https:\/\/gamanity.com\/mx\/index.php\/wp-json\/wp\/v2\/product"}],"about":[{"href":"https:\/\/gamanity.com\/mx\/index.php\/wp-json\/wp\/v2\/types\/product"}],"replies":[{"embeddable":true,"href":"https:\/\/gamanity.com\/mx\/index.php\/wp-json\/wp\/v2\/comments?post=82"}],"wp:featuredmedia":[{"embeddable":true,"href":"https:\/\/gamanity.com\/mx\/index.php\/wp-json\/wp\/v2\/media\/85"}],"wp:attachment":[{"href":"https:\/\/gamanity.com\/mx\/index.php\/wp-json\/wp\/v2\/media?parent=82"}],"curies":[{"name":"wp","href":"https:\/\/api.w.org\/{rel}","templated":true}]}}