{"id":80,"date":"2022-01-30T04:50:39","date_gmt":"2022-01-30T11:50:39","guid":{"rendered":"https:\/\/gamanity.com\/mx\/?post_type=product&#038;p=80"},"modified":"2025-04-13T11:16:31","modified_gmt":"2025-04-13T17:16:31","slug":"limpiador-botanico-facial","status":"publish","type":"product","link":"https:\/\/gamanity.com\/mx\/index.php\/producto\/limpiador-botanico-facial\/","title":{"rendered":"Limpiador Bot\u00e1nico Facial"},"content":{"rendered":"","protected":false},"excerpt":{"rendered":"<p><strong>Limpiador Bot\u00e1nico Facial<\/strong><\/p>\n<p>Este limpiador natural y vegano. La combinaci\u00f3n bot\u00e1nica de aceites deja la piel con una sensaci\u00f3n juvenil, brillante, suave, sedosa y tersa. Tienen tremendos beneficios nutritivos, mantienen la piel limpia y ayudan a eliminar toxinas, a la vez que la hidratan suavemente.<\/p>\n<p>Esta formulaci\u00f3n natural posee propiedades antis\u00e9pticas que ayudan a reducir el acn\u00e9, y las propiedades antiinflamatorias pueden reducir el enrojecimiento y la hinchaz\u00f3n de la piel. El agua de rosas y el aloe vera contienen antioxidantes y vitaminas que protegen y ayudan a curar heridas r\u00e1pidamente y alivian la irritaci\u00f3n de la piel. Adem\u00e1s, hidrata, alivia la picaz\u00f3n, el acn\u00e9 y la piel seca.<\/p>\n<p><strong>Ingredientes:<\/strong><\/p>\n<p>\u2022 Agua de rosas (rosa damascena) \u2022 Glicerina \u2022 Aceite esencial de cal\u00e9ndula (calendula officinalis) \u2022 Aceite de arg\u00e1n (argania spinosa) \u2022 Aceite de jojoba (simmondsia chinensis) \u2022 Jugo de aloe vera (aloe barbadensis miller) \u2022 Lecitina \u2022 Tocoferol (vitamina E natural) \u2022 Goma xantana \u2022 Aceite esencial de \u00e1rbol de t\u00e9 (melaleuca alternifolia) \u2022 Limoneno (presente de forma natural en los aceites esenciales) \u2022 \u00c1cido s\u00f3rbico<\/p>\n<p>Peso neto: 50 g<\/p>\n<p>Todos nuestros productos son Veganos<\/p>\n","protected":false},"featured_media":81,"comment_status":"open","ping_status":"closed","template":"","meta":{"_monsterinsights_skip_tracking":false,"_monsterinsights_sitenote_active":false,"_monsterinsights_sitenote_note":"","_monsterinsights_sitenote_category":0,"spay_email":""},"class_list":["post-80","product","type-product","status-publish","has-post-thumbnail","hentry","product_cat-sin-categorizar"],"_links":{"self":[{"href":"https:\/\/gamanity.com\/mx\/index.php\/wp-json\/wp\/v2\/product\/80","targetHints":{"allow":["GET"]}}],"collection":[{"href":"https:\/\/gamanity.com\/mx\/index.php\/wp-json\/wp\/v2\/product"}],"about":[{"href":"https:\/\/gamanity.com\/mx\/index.php\/wp-json\/wp\/v2\/types\/product"}],"replies":[{"embeddable":true,"href":"https:\/\/gamanity.com\/mx\/index.php\/wp-json\/wp\/v2\/comments?post=80"}],"wp:featuredmedia":[{"embeddable":true,"href":"https:\/\/gamanity.com\/mx\/index.php\/wp-json\/wp\/v2\/media\/81"}],"wp:attachment":[{"href":"https:\/\/gamanity.com\/mx\/index.php\/wp-json\/wp\/v2\/media?parent=80"}],"curies":[{"name":"wp","href":"https:\/\/api.w.org\/{rel}","templated":true}]}}