{"id":38,"date":"2021-01-07T16:43:22","date_gmt":"2021-01-07T23:43:22","guid":{"rendered":"https:\/\/gamanity.com\/mx\/?post_type=product&#038;p=38"},"modified":"2022-01-30T04:00:22","modified_gmt":"2022-01-30T11:00:22","slug":"balsamo-para-labios-natural-gamanity","status":"publish","type":"product","link":"https:\/\/gamanity.com\/mx\/index.php\/producto\/balsamo-para-labios-natural-gamanity\/","title":{"rendered":"Balsamo natural para labios Gamanity"},"content":{"rendered":"<p><strong>B\u00e1lsamo labial natural<\/strong><\/p>\n<p>B\u00e1lsamo labial org\u00e1nico, suave e hidratante hecho a mano. Perfecto para llevar en tu bolso mientras est\u00e1s fuera de casa, o en casa para completar tu rutina de belleza. Protege tus labios en cualquier clima con nuestra f\u00f3rmula, que est\u00e1 enriquecida con nutrientes antioxidantes y vitaminas, y un delicado toque de aceite esencial de lavanda.<\/p>\n<p>Nuestros innovadores envases reciclables y sostenibles fabricados con fibras naturales est\u00e1n libres de pl\u00e1stico, para proteger nuestro planeta. El envase\u00a0 asegura una aplicaci\u00f3n limpia y f\u00e1cil. Juntos protegemos nuestro planeta!<\/p>\n<p><strong>Ingredientes<\/strong><\/p>\n<p>\u2022Cera de candelilla (Euphorbia cerifera) \u2022 Prunus dulcis (Aceite de almendra) \u2022 Cocos nucifera (Aceite de coco) \u2022 Theobroma Cacao (Manteca de cacao) \u2022 Aceite esencial Rosa damasquina (Aroma natural) \u2022 \u00c1cido s\u00f3rbico (Conservante natural) \u2022 Tocoferol (Vitamina E natural )<\/p>\n<p>Peso neto: 6 g<\/p>\n<p>Todos nuestros productos son Veganos<\/p>\n","protected":false},"excerpt":{"rendered":"<p>B\u00e1lsamo labial natural B\u00e1lsamo labial org\u00e1nico, suave e hidratante hecho a mano. Perfecto para llevar en tu bolso mientras est\u00e1s fuera de casa, o en casa para completar tu rutina &#8230;<\/p>\n","protected":false},"featured_media":71,"comment_status":"open","ping_status":"closed","template":"","meta":{"_monsterinsights_skip_tracking":false,"_monsterinsights_sitenote_active":false,"_monsterinsights_sitenote_note":"","_monsterinsights_sitenote_category":0,"spay_email":""},"class_list":["post-38","product","type-product","status-publish","has-post-thumbnail","hentry","product_cat-sin-categorizar"],"_links":{"self":[{"href":"https:\/\/gamanity.com\/mx\/index.php\/wp-json\/wp\/v2\/product\/38","targetHints":{"allow":["GET"]}}],"collection":[{"href":"https:\/\/gamanity.com\/mx\/index.php\/wp-json\/wp\/v2\/product"}],"about":[{"href":"https:\/\/gamanity.com\/mx\/index.php\/wp-json\/wp\/v2\/types\/product"}],"replies":[{"embeddable":true,"href":"https:\/\/gamanity.com\/mx\/index.php\/wp-json\/wp\/v2\/comments?post=38"}],"wp:featuredmedia":[{"embeddable":true,"href":"https:\/\/gamanity.com\/mx\/index.php\/wp-json\/wp\/v2\/media\/71"}],"wp:attachment":[{"href":"https:\/\/gamanity.com\/mx\/index.php\/wp-json\/wp\/v2\/media?parent=38"}],"curies":[{"name":"wp","href":"https:\/\/api.w.org\/{rel}","templated":true}]}}